{"id":25,"date":"2024-08-14T15:10:08","date_gmt":"2024-08-14T13:10:08","guid":{"rendered":"http:\/\/prk.gorowo.pl\/?page_id=25"},"modified":"2024-08-14T17:00:07","modified_gmt":"2024-08-14T15:00:07","slug":"strona-glowna","status":"publish","type":"page","link":"http:\/\/prk.gorowo.pl\/","title":{"rendered":"Strona g\u0142\u00f3wna"},"content":{"rendered":"\n<div class=\"wp-block-cover alignfull is-light hestia-clear-top-padding\"><span aria-hidden=\"true\" class=\"wp-block-cover__background has-white-background-color has-background-dim-100 has-background-dim\"><\/span><div class=\"wp-block-cover__inner-container is-layout-flow wp-block-cover-is-layout-flow\">\n<h2 class=\"wp-block-heading has-text-align-center has-text-color\" style=\"color:#3c4858\">Msze \u015awi\u0119te<\/h2>\n\n\n\n<p class=\"has-text-align-center\">Msze \u015bw. s\u0105 odprawiane w nast\u0119puj\u0105cym porz\u0105dku<\/p>\n\n\n\n<p class=\"has-text-align-center\">Niedziela i \u015awi\u0119ta: 8:00; 10:00; 12:00; 17:30<\/p>\n\n\n\n<p class=\"has-text-align-center\">\u015awi\u0119ta poza niedziel\u0105: 8:00; 11:00; 17:30<\/p>\n\n\n\n<p class=\"has-text-align-center\">Dni powszednie 7:00; 17:30<\/p>\n\n\n\n<p><\/p>\n\n\n\n<p class=\"has-text-align-center\">Nabo\u017ce\u0144stwa: Droga Krzy\u017cowa, majowe, czerwcowe, r\u00f3\u017caniec, wypominki o godzinie 17:00. Roraty o godzinie 7:00<\/p>\n\n\n\n<div style=\"height:106px\" aria-hidden=\"true\" class=\"wp-block-spacer\"><\/div>\n\n\n\n<div style=\"height:40px\" aria-hidden=\"true\" class=\"wp-block-spacer\"><\/div>\n<\/div><\/div>\n","protected":false},"excerpt":{"rendered":"","protected":false},"author":1,"featured_media":0,"parent":0,"menu_order":0,"comment_status":"closed","ping_status":"closed","template":"","meta":{"footnotes":""},"class_list":["post-25","page","type-page","status-publish","hentry"],"_links":{"self":[{"href":"http:\/\/prk.gorowo.pl\/index.php\/wp-json\/wp\/v2\/pages\/25","targetHints":{"allow":["GET"]}}],"collection":[{"href":"http:\/\/prk.gorowo.pl\/index.php\/wp-json\/wp\/v2\/pages"}],"about":[{"href":"http:\/\/prk.gorowo.pl\/index.php\/wp-json\/wp\/v2\/types\/page"}],"author":[{"embeddable":true,"href":"http:\/\/prk.gorowo.pl\/index.php\/wp-json\/wp\/v2\/users\/1"}],"replies":[{"embeddable":true,"href":"http:\/\/prk.gorowo.pl\/index.php\/wp-json\/wp\/v2\/comments?post=25"}],"version-history":[{"count":5,"href":"http:\/\/prk.gorowo.pl\/index.php\/wp-json\/wp\/v2\/pages\/25\/revisions"}],"predecessor-version":[{"id":87,"href":"http:\/\/prk.gorowo.pl\/index.php\/wp-json\/wp\/v2\/pages\/25\/revisions\/87"}],"wp:attachment":[{"href":"http:\/\/prk.gorowo.pl\/index.php\/wp-json\/wp\/v2\/media?parent=25"}],"curies":[{"name":"wp","href":"https:\/\/api.w.org\/{rel}","templated":true}]}}