{"id":90,"date":"2024-08-14T17:03:03","date_gmt":"2024-08-14T15:03:03","guid":{"rendered":"http:\/\/prk.gorowo.pl\/?page_id=90"},"modified":"2024-08-14T17:03:03","modified_gmt":"2024-08-14T15:03:03","slug":"historia-parafii","status":"publish","type":"page","link":"http:\/\/prk.gorowo.pl\/index.php\/historia-parafii\/","title":{"rendered":"Historia Parafii"},"content":{"rendered":"\n<p>Pocz\u0105tki ko\u015bcio\u0142a pod wezwaniem Naj\u015bwi\u0119tszego Serca Pana Jezusa w G\u00f3rowie I\u0142aweckim si\u0119gaj\u0105 28 listopada 1866 roku. W\u00f3wczas to katoliccy mieszka\u0144cy miasta rozpocz\u0119li starania o powo\u0142anie parafii rzymskokatolickiej. Pierwsza siedziba nowopowsta\u0142ej gminy by\u0142a sala modlitw, mieszcz\u0105c\u0105 si\u0119 w domu mistrza kowalskiego Warnowskiego stoj\u0105cym przy dzisiejszej ulicy Krasickiego. Pierwsza Msza zosta\u0142a tam odprawiona na mocy biskupa warmi\u0144skiego Josepha Ambrosiusa Gertiza 24 lutego 1867 roku.<br>Jednocze\u015bnie podj\u0119to starania zwi\u0105zane z budow\u0105 domu modlitw wraz z izb\u0105 katechetyczn\u0105 i mieszkaniem. Efektem tych stara\u0144 by\u0142o zakupienie od Fryderyka Kunha parceli na Bukowskim Przedmie\u015bciu, na kt\u00f3rej ju\u017c wkr\u00f3tce wzniesiono zabudowania. Ich po\u015bwi\u0119cenie mia\u0142o miejsce 18 grudnia 1869 roku.<br>&nbsp;&nbsp;&nbsp;&nbsp;&nbsp;&nbsp;&nbsp; W tym czasie spo\u0142eczno\u015b\u0107 katolicka nie posiada\u0142a w\u0142asnej parafii. Mia\u0142a status stacji misyjnej. Brakowa\u0142o Jej tak\u017ce sta\u0142ego duszpasterza. Dopiero dwa lata p\u00f3\u017aniej 26 maja 1871 roku biskup skierowa\u0142 do pracy ks. F. Schroedera. Pe\u0142ni\u0142 on pos\u0142ug\u0119 duszpastersk\u0105 siedem lat, po czym 18 marca 1878 roku zast\u0105pi\u0142 go ks. Joseph Kitt.<\/p>\n\n\n\n<p>&nbsp;&nbsp;&nbsp;&nbsp;&nbsp;&nbsp; Dzia\u0142alno\u015bci misjonarska obu kaznodziei sprowadzi\u0142, \u017ce spo\u0142eczno\u015b\u0107 katolicka szybko si\u0119 powi\u0119kszy\u0142a i niebawem dotychczasowa kaplica nie by\u0142a w stanie pomie\u015bci\u0107 wszystkich wiernych. A dotychczasowe miejsce misyjne w 1891 roku uzyska\u0142o rang\u0119 parafii kt\u00f3r\u0105 obj\u0105\u0142 ks. Lingnau. Tego samego roku, 1 pa\u017adziernika rozpocz\u0119to budow\u0119 ko\u015bcio\u0142a. Kamie\u0144 w\u0119gielny zosta\u0142 wmurowany 18 maja 1892 roku, a budowa, dzi\u0119ki ofiarno\u015bci i ci\u0119\u017ckiej pracy parafian zosta\u0142a uko\u0144czona 3 lata p\u00f3\u017aniej.<br>&nbsp;&nbsp;&nbsp;&nbsp;&nbsp;&nbsp;&nbsp; \u015awi\u0105tynie konsekrowa\u0142 25 wrze\u015bnia 1895 roku biskup Andrzej Thiel.<br>W wyniku dzia\u0142a\u0144 wojennych w 1945 roku ko\u015bci\u00f3\u0142 uleg\u0142 zniszczeniu. St\u0105d pierwszy polski duszpasterz ks. Maciej Janiszewski obejmuj\u0105c rz\u0105dy w parafii w 1946 roku zmuszony by\u0142 dokona\u0107 gruntownego remontu \u015bwi\u0105tyni. Rok 1946 to jednocze\u015bnie pocz\u0105tek polskiej historii parafii.<\/p>\n\n\n\n<p>Ksi\u0119\u017ca Proboszczowie pracuj\u0105cy w parafii:<\/p>\n\n\n\n<p>Ks. Lingnau 1891 \u2013 1910<\/p>\n\n\n\n<p>Ks. Antoni Tirtz 1910 \u2013 1914<\/p>\n\n\n\n<p>Ks. Bernhard Richert 1922 \u2013 1939<\/p>\n\n\n\n<p>Ks. Kurt Fleissner 1939 \u2013 1945<\/p>\n\n\n\n<p>Ks. Maciej Janiszewski 1946 &#8211; 1949<\/p>\n\n\n\n<p>Ks. Jan Ko\u015bciewski 1949 \u2013 1958<\/p>\n\n\n\n<p>Ks. Franciszek Bryx 1958 \u2013 1962<\/p>\n\n\n\n<p>Ks. Bronis\u0142aw Zarzecki 1962 \u2013 1963<\/p>\n\n\n\n<p>Ks. Kazimierz Pacewicz 1963 \u2013 1988<\/p>\n\n\n\n<p>Ks. Stanis\u0142aw Pietkiewicz 1988 \u2013 1997<\/p>\n\n\n\n<p>Ks. Eugeniusz Bartusik 1997 \u2013 1999<\/p>\n\n\n\n<p>Ks. J\u00f3zef Gawrylczyk 1999 \u2013 2019<\/p>\n\n\n\n<p>Ks. Jan Pu\u0142awski 2019 \u2013<\/p>\n","protected":false},"excerpt":{"rendered":"<p>Pocz\u0105tki ko\u015bcio\u0142a pod wezwaniem Naj\u015bwi\u0119tszego Serca Pana Jezusa w G\u00f3rowie I\u0142aweckim si\u0119gaj\u0105 28 listopada 1866 roku. W\u00f3wczas to katoliccy mieszka\u0144cy miasta rozpocz\u0119li starania o powo\u0142anie parafii rzymskokatolickiej. Pierwsza siedziba nowopowsta\u0142ej gminy by\u0142a sala modlitw, mieszcz\u0105c\u0105 si\u0119 w domu mistrza kowalskiego Warnowskiego stoj\u0105cym przy dzisiejszej ulicy Krasickiego. Pierwsza Msza zosta\u0142a tam [&hellip;]<\/p>\n","protected":false},"author":1,"featured_media":0,"parent":0,"menu_order":0,"comment_status":"closed","ping_status":"closed","template":"","meta":{"footnotes":""},"class_list":["post-90","page","type-page","status-publish","hentry"],"_links":{"self":[{"href":"http:\/\/prk.gorowo.pl\/index.php\/wp-json\/wp\/v2\/pages\/90","targetHints":{"allow":["GET"]}}],"collection":[{"href":"http:\/\/prk.gorowo.pl\/index.php\/wp-json\/wp\/v2\/pages"}],"about":[{"href":"http:\/\/prk.gorowo.pl\/index.php\/wp-json\/wp\/v2\/types\/page"}],"author":[{"embeddable":true,"href":"http:\/\/prk.gorowo.pl\/index.php\/wp-json\/wp\/v2\/users\/1"}],"replies":[{"embeddable":true,"href":"http:\/\/prk.gorowo.pl\/index.php\/wp-json\/wp\/v2\/comments?post=90"}],"version-history":[{"count":1,"href":"http:\/\/prk.gorowo.pl\/index.php\/wp-json\/wp\/v2\/pages\/90\/revisions"}],"predecessor-version":[{"id":91,"href":"http:\/\/prk.gorowo.pl\/index.php\/wp-json\/wp\/v2\/pages\/90\/revisions\/91"}],"wp:attachment":[{"href":"http:\/\/prk.gorowo.pl\/index.php\/wp-json\/wp\/v2\/media?parent=90"}],"curies":[{"name":"wp","href":"https:\/\/api.w.org\/{rel}","templated":true}]}}